{"id":1990,"date":"2018-03-03T12:49:16","date_gmt":"2018-03-03T10:49:16","guid":{"rendered":"https:\/\/koudounia.com\/product\/oval-shaped-small-brass-bell-3\/"},"modified":"2026-02-05T16:52:59","modified_gmt":"2026-02-05T14:52:59","slug":"oval-shaped-small-brass-bell-150g","status":"publish","type":"product","link":"https:\/\/koudounia.com\/en\/product\/bells\/oval-shaped-small-brass-bell\/oval-shaped-small-brass-bell-150g\/","title":{"rendered":"Oval-Shaped Small Brass Bell 150g"},"content":{"rendered":"<p>&nbsp;<\/p>\n<p>&nbsp;<\/p>\n<p>&nbsp;<\/p>\n<p>&nbsp;<\/p>\n","protected":false},"excerpt":{"rendered":"<p>Small brass bell, faithful replicas of traditional kaban\u00e9lia and flat Cypriot bells (plaker\u00e1 k\u00fdpria). \u00a0They are used on young goats and sheep, as well as on animals that do not roam far from the herd. They feature extremely low weight and compact dimensions and can also be used individually as an acoustic marker at short distances from the housing area. They are equally suitable for everyday use such as household signal bells, entrance door bells, or decorative items. The primary material is bronze, with the form produced through traditional cast bell-making techniques.<\/p>\n","protected":false},"featured_media":20678,"template":"","meta":[],"product_cat":[261,253],"product_tag":[],"yoast_head":"<!-- This site is optimized with the Yoast SEO plugin v19.4 - https:\/\/yoast.com\/wordpress\/plugins\/seo\/ -->\n<title>Oval-Shaped Small Brass Bell 150g - \u039a\u03bf\u03c5\u03b4\u03bf\u03cd\u03bd\u03b9\u03b1<\/title>\n<meta name=\"robots\" content=\"index, follow, max-snippet:-1, max-image-preview:large, max-video-preview:-1\" \/>\n<link rel=\"canonical\" href=\"https:\/\/koudounia.com\/en\/product\/bells\/oval-shaped-small-brass-bell\/oval-shaped-small-brass-bell-150g\/\" \/>\n<meta property=\"og:locale\" content=\"en_US\" \/>\n<meta property=\"og:type\" content=\"article\" \/>\n<meta property=\"og:title\" content=\"Oval-Shaped Small Brass Bell 150g - \u039a\u03bf\u03c5\u03b4\u03bf\u03cd\u03bd\u03b9\u03b1\" \/>\n<meta property=\"og:description\" content=\"Small brass bell, faithful replicas of traditional kaban\u00e9lia and flat Cypriot bells (plaker\u00e1 k\u00fdpria). \u00a0They are used on young goats and sheep, as well as on animals that do not roam far from the herd. They feature extremely low weight and compact dimensions and can also be used individually as an acoustic marker at short distances from the housing area. They are equally suitable for everyday use such as household signal bells, entrance door bells, or decorative items. The primary material is bronze, with the form produced through traditional cast bell-making techniques.\" \/>\n<meta property=\"og:url\" content=\"https:\/\/koudounia.com\/en\/product\/bells\/oval-shaped-small-brass-bell\/oval-shaped-small-brass-bell-150g\/\" \/>\n<meta property=\"og:site_name\" content=\"\u039a\u03bf\u03c5\u03b4\u03bf\u03cd\u03bd\u03b9\u03b1\" \/>\n<meta property=\"article:publisher\" content=\"https:\/\/www.facebook.com\/Koudounia\/\" \/>\n<meta property=\"article:modified_time\" content=\"2026-02-05T14:52:59+00:00\" \/>\n<meta property=\"og:image\" content=\"https:\/\/koudounia.com\/wp-content\/uploads\/2018\/03\/oval-shaped-brass-bell.png\" \/>\n\t<meta property=\"og:image:width\" content=\"1080\" \/>\n\t<meta property=\"og:image:height\" content=\"1080\" \/>\n\t<meta property=\"og:image:type\" content=\"image\/png\" \/>\n<meta name=\"twitter:card\" content=\"summary_large_image\" \/>\n<!-- \/ Yoast SEO plugin. -->","yoast_head_json":{"title":"Oval-Shaped Small Brass Bell 150g - \u039a\u03bf\u03c5\u03b4\u03bf\u03cd\u03bd\u03b9\u03b1","robots":{"index":"index","follow":"follow","max-snippet":"max-snippet:-1","max-image-preview":"max-image-preview:large","max-video-preview":"max-video-preview:-1"},"canonical":"https:\/\/koudounia.com\/en\/product\/bells\/oval-shaped-small-brass-bell\/oval-shaped-small-brass-bell-150g\/","og_locale":"en_US","og_type":"article","og_title":"Oval-Shaped Small Brass Bell 150g - \u039a\u03bf\u03c5\u03b4\u03bf\u03cd\u03bd\u03b9\u03b1","og_description":"Small brass bell, faithful replicas of traditional kaban\u00e9lia and flat Cypriot bells (plaker\u00e1 k\u00fdpria). \u00a0They are used on young goats and sheep, as well as on animals that do not roam far from the herd. They feature extremely low weight and compact dimensions and can also be used individually as an acoustic marker at short distances from the housing area. They are equally suitable for everyday use such as household signal bells, entrance door bells, or decorative items. The primary material is bronze, with the form produced through traditional cast bell-making techniques.","og_url":"https:\/\/koudounia.com\/en\/product\/bells\/oval-shaped-small-brass-bell\/oval-shaped-small-brass-bell-150g\/","og_site_name":"\u039a\u03bf\u03c5\u03b4\u03bf\u03cd\u03bd\u03b9\u03b1","article_publisher":"https:\/\/www.facebook.com\/Koudounia\/","article_modified_time":"2026-02-05T14:52:59+00:00","og_image":[{"width":1080,"height":1080,"url":"https:\/\/koudounia.com\/wp-content\/uploads\/2018\/03\/oval-shaped-brass-bell.png","type":"image\/png"}],"twitter_card":"summary_large_image","schema":{"@context":"https:\/\/schema.org","@graph":[{"@type":"WebSite","@id":"https:\/\/koudounia.com\/en\/#website","url":"https:\/\/koudounia.com\/en\/","name":"\u039a\u03bf\u03c5\u03b4\u03bf\u03cd\u03bd\u03b9\u03b1","description":"","potentialAction":[{"@type":"SearchAction","target":{"@type":"EntryPoint","urlTemplate":"https:\/\/koudounia.com\/en\/?s={search_term_string}"},"query-input":"required name=search_term_string"}],"inLanguage":"en-US"},{"@type":"WebPage","@id":"https:\/\/koudounia.com\/en\/product\/bells\/oval-shaped-small-brass-bell\/oval-shaped-small-brass-bell-150g\/","url":"https:\/\/koudounia.com\/en\/product\/bells\/oval-shaped-small-brass-bell\/oval-shaped-small-brass-bell-150g\/","name":"Oval-Shaped Small Brass Bell 150g - \u039a\u03bf\u03c5\u03b4\u03bf\u03cd\u03bd\u03b9\u03b1","isPartOf":{"@id":"https:\/\/koudounia.com\/en\/#website"},"datePublished":"2018-03-03T10:49:16+00:00","dateModified":"2026-02-05T14:52:59+00:00","breadcrumb":{"@id":"https:\/\/koudounia.com\/en\/product\/bells\/oval-shaped-small-brass-bell\/oval-shaped-small-brass-bell-150g\/#breadcrumb"},"inLanguage":"en-US","potentialAction":[{"@type":"ReadAction","target":["https:\/\/koudounia.com\/en\/product\/bells\/oval-shaped-small-brass-bell\/oval-shaped-small-brass-bell-150g\/"]}]},{"@type":"BreadcrumbList","@id":"https:\/\/koudounia.com\/en\/product\/bells\/oval-shaped-small-brass-bell\/oval-shaped-small-brass-bell-150g\/#breadcrumb","itemListElement":[{"@type":"ListItem","position":1,"name":"Home","item":"https:\/\/koudounia.com\/en\/"},{"@type":"ListItem","position":2,"name":"Shop","item":"https:\/\/koudounia.com\/en\/shop\/"},{"@type":"ListItem","position":3,"name":"Oval-Shaped Small Brass Bell 150g"}]}]}},"_links":{"self":[{"href":"https:\/\/koudounia.com\/en\/wp-json\/wp\/v2\/product\/1990"}],"collection":[{"href":"https:\/\/koudounia.com\/en\/wp-json\/wp\/v2\/product"}],"about":[{"href":"https:\/\/koudounia.com\/en\/wp-json\/wp\/v2\/types\/product"}],"wp:featuredmedia":[{"embeddable":true,"href":"https:\/\/koudounia.com\/en\/wp-json\/wp\/v2\/media\/20678"}],"wp:attachment":[{"href":"https:\/\/koudounia.com\/en\/wp-json\/wp\/v2\/media?parent=1990"}],"wp:term":[{"taxonomy":"product_cat","embeddable":true,"href":"https:\/\/koudounia.com\/en\/wp-json\/wp\/v2\/product_cat?post=1990"},{"taxonomy":"product_tag","embeddable":true,"href":"https:\/\/koudounia.com\/en\/wp-json\/wp\/v2\/product_tag?post=1990"}],"curies":[{"name":"wp","href":"https:\/\/api.w.org\/{rel}","templated":true}]}}